{"id":2,"date":"2023-12-13T21:20:40","date_gmt":"2023-12-13T20:20:40","guid":{"rendered":"http:\/\/www.nathalie-foubert.fr\/?page_id=2"},"modified":"2024-01-29T13:57:31","modified_gmt":"2024-01-29T12:57:31","slug":"nathalie-foubert-mentions-legales","status":"publish","type":"page","link":"https:\/\/www.nathalie-foubert.fr\/index.php\/nathalie-foubert-mentions-legales\/","title":{"rendered":"Mentions l\u00e9gales"},"content":{"rendered":"<p>[et_pb_section fb_built=\u00a0\u00bb1&Prime; _builder_version=\u00a0\u00bb4.23.1&Prime; _module_preset=\u00a0\u00bbdefault\u00a0\u00bb global_colors_info=\u00a0\u00bb{}\u00a0\u00bb][et_pb_row _builder_version=\u00a0\u00bb4.23.1&Prime; _module_preset=\u00a0\u00bbdefault\u00a0\u00bb global_colors_info=\u00a0\u00bb{}\u00a0\u00bb][et_pb_column type=\u00a0\u00bb4_4&Prime; _builder_version=\u00a0\u00bb4.23.1&Prime; _module_preset=\u00a0\u00bbdefault\u00a0\u00bb global_colors_info=\u00a0\u00bb{}\u00a0\u00bb][et_pb_text _builder_version=\u00a0\u00bb4.23.1&Prime; _module_preset=\u00a0\u00bbdefault\u00a0\u00bb global_colors_info=\u00a0\u00bb{}\u00a0\u00bb]<\/p>\n<p style=\"text-align: center;\"><span>MENTIONS LEGALES<\/span><\/p>\n<p style=\"text-align: center;\">\n<p style=\"text-align: center;\">FOUBERT Nathalie<br \/>10 rue Ernest Renan<br \/>34500 B\u00e9ziers<br \/>T\u00e9l: 07 83 91 05 49<br \/>Mail: natfoubert@gmail.com<br \/>N\u00b0 Siret 482 252 350 00020<br \/>N\u00b0 D\u00e9claration CNIL: 197772v0<\/p>\n<p style=\"text-align: center;\">H\u00e9bergeur:<br \/>OVH SAS au capital de 10 069 020 \u20ac<br \/>RCS Lille M\u00e9tropole 424 761 419 00045<br \/>Code APE 2620Z<br \/>N\u00b0 TVA : FR 22 424 761 419<br \/>Si\u00e8ge social : 2 rue Kellermann \u2013 59100 Roubaix \u2013 France.<br \/>Directeur de la publication : Octave KLABA<\/p>\n<p>[\/et_pb_text][\/et_pb_column][\/et_pb_row][\/et_pb_section]<\/p>\n","protected":false},"excerpt":{"rendered":"<p>MENTIONS LEGALES FOUBERT Nathalie10 rue Ernest Renan34500 B\u00e9ziersT\u00e9l: 07 83 91 05 49Mail: natfoubert@gmail.comN\u00b0 Siret 482 252 350 00020N\u00b0 D\u00e9claration CNIL: 197772v0 H\u00e9bergeur:OVH SAS au capital de 10 069 020 \u20acRCS Lille M\u00e9tropole 424 761 419 00045Code APE 2620ZN\u00b0 TVA : FR 22 424 761 419Si\u00e8ge social : 2 rue Kellermann \u2013 59100 Roubaix \u2013 France.Directeur de la publication : Octave KLABA<\/p>\n","protected":false},"author":1,"featured_media":0,"parent":0,"menu_order":0,"comment_status":"closed","ping_status":"closed","template":"","meta":{"_et_pb_use_builder":"on","_et_pb_old_content":"<!-- wp:paragraph -->\n<p>Ceci est une page d\u2019exemple. C\u2019est diff\u00e9rent d\u2019un article de blog parce qu\u2019elle restera au m\u00eame endroit et appara\u00eetra dans la navigation de votre site (dans la plupart des th\u00e8mes). La plupart des gens commencent par une page \u00ab\u00a0\u00c0 propos\u00a0\u00bb qui les pr\u00e9sente aux personnes visitant le site. Cela pourrait ressembler \u00e0 quelque chose comme cela\u00a0:<\/p>\n<!-- \/wp:paragraph -->\n\n<!-- wp:quote -->\n<blockquote class=\"wp-block-quote\"><p>Bonjour\u00a0! Je suis un m\u00e9canicien qui aspire \u00e0 devenir acteur, et voici mon site. J\u2019habite \u00e0 Bordeaux, j\u2019ai un super chien baptis\u00e9 Russell, et j\u2019aime la vodka (ainsi qu\u2019\u00eatre surpris par la pluie soudaine lors de longues balades sur la plage au coucher du soleil).<\/p><\/blockquote>\n<!-- \/wp:quote -->\n\n<!-- wp:paragraph -->\n<p>\u2026ou quelque chose comme cela\u00a0:<\/p>\n<!-- \/wp:paragraph -->\n\n<!-- wp:quote -->\n<blockquote class=\"wp-block-quote\"><p>La soci\u00e9t\u00e9 123 Machin Truc a \u00e9t\u00e9 cr\u00e9\u00e9e en 1971, et n\u2019a cess\u00e9 de proposer au public des machins-trucs de qualit\u00e9 depuis lors. Situ\u00e9e \u00e0 Saint-Remy-en-Bouzemont-Saint-Genest-et-Isson, 123 Machin Truc emploie 2 000 personnes, et fabrique toutes sortes de bidules supers pour la communaut\u00e9 bouzemontoise.<\/p><\/blockquote>\n<!-- \/wp:quote -->\n\n<!-- wp:paragraph -->\n<p>En tant que nouvel utilisateur ou utilisatrice de WordPress, vous devriez vous rendre sur <a href=\"http:\/\/www.nathalie-foubert.fr\/wp-admin\/\">votre tableau de bord<\/a> pour supprimer cette page et cr\u00e9er de nouvelles pages pour votre contenu. Amusez-vous bien\u00a0!<\/p>\n<!-- \/wp:paragraph -->","_et_gb_content_width":"","footnotes":""},"class_list":["post-2","page","type-page","status-publish","hentry"],"yoast_head":"<!-- This site is optimized with the Yoast SEO Premium plugin v21.9 (Yoast SEO v26.6) - https:\/\/yoast.com\/wordpress\/plugins\/seo\/ -->\n<title>Mentions l\u00e9gales - Nathalie Foubert<\/title>\n<meta name=\"robots\" content=\"index, follow, max-snippet:-1, max-image-preview:large, max-video-preview:-1\" \/>\n<link rel=\"canonical\" href=\"https:\/\/www.nathalie-foubert.fr\/index.php\/nathalie-foubert-mentions-legales\/\" \/>\n<meta property=\"og:locale\" content=\"fr_FR\" \/>\n<meta property=\"og:type\" content=\"article\" \/>\n<meta property=\"og:title\" content=\"Mentions l\u00e9gales\" \/>\n<meta property=\"og:description\" content=\"MENTIONS LEGALES FOUBERT Nathalie10 rue Ernest Renan34500 B\u00e9ziersT\u00e9l: 07 83 91 05 49Mail: natfoubert@gmail.comN\u00b0 Siret 482 252 350 00020N\u00b0 D\u00e9claration CNIL: 197772v0 H\u00e9bergeur:OVH SAS au capital de 10 069 020 \u20acRCS Lille M\u00e9tropole 424 761 419 00045Code APE 2620ZN\u00b0 TVA : FR 22 424 761 419Si\u00e8ge social : 2 rue Kellermann \u2013 59100 Roubaix \u2013 France.Directeur de la publication : Octave KLABA\" \/>\n<meta property=\"og:url\" content=\"https:\/\/www.nathalie-foubert.fr\/index.php\/nathalie-foubert-mentions-legales\/\" \/>\n<meta property=\"og:site_name\" content=\"Nathalie Foubert\" \/>\n<meta property=\"article:publisher\" content=\"https:\/\/www.facebook.com\/profile.php?id=100008835276603&amp;locale=fr_FR\" \/>\n<meta property=\"article:modified_time\" content=\"2024-01-29T12:57:31+00:00\" \/>\n<meta property=\"og:image\" content=\"https:\/\/www.nathalie-foubert.fr\/wp-content\/uploads\/2024\/04\/Nathalie-Foubert-Honorer-la-rose.jpg\" \/>\n\t<meta property=\"og:image:width\" content=\"1794\" \/>\n\t<meta property=\"og:image:height\" content=\"1330\" \/>\n\t<meta property=\"og:image:type\" content=\"image\/jpeg\" \/>\n<meta name=\"twitter:card\" content=\"summary_large_image\" \/>\n<meta name=\"twitter:label1\" content=\"Dur\u00e9e de lecture estim\u00e9e\" \/>\n\t<meta name=\"twitter:data1\" content=\"1 minute\" \/>\n<script type=\"application\/ld+json\" class=\"yoast-schema-graph\">{\"@context\":\"https:\/\/schema.org\",\"@graph\":[{\"@type\":\"WebPage\",\"@id\":\"https:\/\/www.nathalie-foubert.fr\/index.php\/nathalie-foubert-mentions-legales\/\",\"url\":\"https:\/\/www.nathalie-foubert.fr\/index.php\/nathalie-foubert-mentions-legales\/\",\"name\":\"Mentions l\u00e9gales - Nathalie Foubert\",\"isPartOf\":{\"@id\":\"https:\/\/www.nathalie-foubert.fr\/#website\"},\"datePublished\":\"2023-12-13T20:20:40+00:00\",\"dateModified\":\"2024-01-29T12:57:31+00:00\",\"breadcrumb\":{\"@id\":\"https:\/\/www.nathalie-foubert.fr\/index.php\/nathalie-foubert-mentions-legales\/#breadcrumb\"},\"inLanguage\":\"fr-FR\",\"potentialAction\":[{\"@type\":\"ReadAction\",\"target\":[\"https:\/\/www.nathalie-foubert.fr\/index.php\/nathalie-foubert-mentions-legales\/\"]}]},{\"@type\":\"BreadcrumbList\",\"@id\":\"https:\/\/www.nathalie-foubert.fr\/index.php\/nathalie-foubert-mentions-legales\/#breadcrumb\",\"itemListElement\":[{\"@type\":\"ListItem\",\"position\":1,\"name\":\"Accueil\",\"item\":\"https:\/\/www.nathalie-foubert.fr\/\"},{\"@type\":\"ListItem\",\"position\":2,\"name\":\"Mentions l\u00e9gales\"}]},{\"@type\":\"WebSite\",\"@id\":\"https:\/\/www.nathalie-foubert.fr\/#website\",\"url\":\"https:\/\/www.nathalie-foubert.fr\/\",\"name\":\"Nathalie Foubert\",\"description\":\"Th\u00e9rapeute spirituelle - \u00c9nerg\u00e9ticienne holistic\",\"publisher\":{\"@id\":\"https:\/\/www.nathalie-foubert.fr\/#organization\"},\"potentialAction\":[{\"@type\":\"SearchAction\",\"target\":{\"@type\":\"EntryPoint\",\"urlTemplate\":\"https:\/\/www.nathalie-foubert.fr\/?s={search_term_string}\"},\"query-input\":{\"@type\":\"PropertyValueSpecification\",\"valueRequired\":true,\"valueName\":\"search_term_string\"}}],\"inLanguage\":\"fr-FR\"},{\"@type\":[\"Organization\",\"Place\"],\"@id\":\"https:\/\/www.nathalie-foubert.fr\/#organization\",\"name\":\"Nathalie Foubert\",\"url\":\"https:\/\/www.nathalie-foubert.fr\/\",\"logo\":{\"@id\":\"https:\/\/www.nathalie-foubert.fr\/index.php\/nathalie-foubert-mentions-legales\/#local-main-organization-logo\"},\"image\":{\"@id\":\"https:\/\/www.nathalie-foubert.fr\/index.php\/nathalie-foubert-mentions-legales\/#local-main-organization-logo\"},\"sameAs\":[\"https:\/\/www.facebook.com\/profile.php?id=100008835276603&locale=fr_FR\",\"https:\/\/www.youtube.com\/@nathaliefoubert6348\",\"https:\/\/www.instagram.com\/natfoubert\/\",\"https:\/\/www.tiktok.com\/@nathaliefoubert30?_t=8jRNDYkeRIv&_r=1\"],\"address\":{\"@id\":\"https:\/\/www.nathalie-foubert.fr\/index.php\/nathalie-foubert-mentions-legales\/#local-main-place-address\"},\"telephone\":[\"07 83 91 05 49\"],\"openingHoursSpecification\":[{\"@type\":\"OpeningHoursSpecification\",\"dayOfWeek\":[\"Monday\",\"Tuesday\",\"Wednesday\",\"Thursday\",\"Friday\",\"Saturday\"],\"opens\":\"09:30\",\"closes\":\"20:00\"},{\"@type\":\"OpeningHoursSpecification\",\"dayOfWeek\":[\"Sunday\"],\"opens\":\"00:00\",\"closes\":\"00:00\"}],\"email\":\"natfoubert@gmail.com\"},{\"@type\":\"PostalAddress\",\"@id\":\"https:\/\/www.nathalie-foubert.fr\/index.php\/nathalie-foubert-mentions-legales\/#local-main-place-address\",\"streetAddress\":\"10 rue ernest renan\",\"addressLocality\":\"B\u00e9ziers\",\"postalCode\":\"34500\",\"addressCountry\":\"FR\"},{\"@type\":\"ImageObject\",\"inLanguage\":\"fr-FR\",\"@id\":\"https:\/\/www.nathalie-foubert.fr\/index.php\/nathalie-foubert-mentions-legales\/#local-main-organization-logo\",\"url\":\"https:\/\/www.nathalie-foubert.fr\/wp-content\/uploads\/2024\/01\/Nathalie-foubert-Therapeute-spirituelle.jpg\",\"contentUrl\":\"https:\/\/www.nathalie-foubert.fr\/wp-content\/uploads\/2024\/01\/Nathalie-foubert-Therapeute-spirituelle.jpg\",\"width\":1468,\"height\":2560,\"caption\":\"Nathalie Foubert\"}]}<\/script>\n<meta name=\"geo.placename\" content=\"B\u00e9ziers\" \/>\n<meta name=\"geo.region\" content=\"France\" \/>\n<!-- \/ Yoast SEO Premium plugin. -->","yoast_head_json":{"title":"Mentions l\u00e9gales - Nathalie Foubert","robots":{"index":"index","follow":"follow","max-snippet":"max-snippet:-1","max-image-preview":"max-image-preview:large","max-video-preview":"max-video-preview:-1"},"canonical":"https:\/\/www.nathalie-foubert.fr\/index.php\/nathalie-foubert-mentions-legales\/","og_locale":"fr_FR","og_type":"article","og_title":"Mentions l\u00e9gales","og_description":"MENTIONS LEGALES FOUBERT Nathalie10 rue Ernest Renan34500 B\u00e9ziersT\u00e9l: 07 83 91 05 49Mail: natfoubert@gmail.comN\u00b0 Siret 482 252 350 00020N\u00b0 D\u00e9claration CNIL: 197772v0 H\u00e9bergeur:OVH SAS au capital de 10 069 020 \u20acRCS Lille M\u00e9tropole 424 761 419 00045Code APE 2620ZN\u00b0 TVA : FR 22 424 761 419Si\u00e8ge social : 2 rue Kellermann \u2013 59100 Roubaix \u2013 France.Directeur de la publication : Octave KLABA","og_url":"https:\/\/www.nathalie-foubert.fr\/index.php\/nathalie-foubert-mentions-legales\/","og_site_name":"Nathalie Foubert","article_publisher":"https:\/\/www.facebook.com\/profile.php?id=100008835276603&locale=fr_FR","article_modified_time":"2024-01-29T12:57:31+00:00","og_image":[{"width":1794,"height":1330,"url":"https:\/\/www.nathalie-foubert.fr\/wp-content\/uploads\/2024\/04\/Nathalie-Foubert-Honorer-la-rose.jpg","type":"image\/jpeg"}],"twitter_card":"summary_large_image","twitter_misc":{"Dur\u00e9e de lecture estim\u00e9e":"1 minute"},"schema":{"@context":"https:\/\/schema.org","@graph":[{"@type":"WebPage","@id":"https:\/\/www.nathalie-foubert.fr\/index.php\/nathalie-foubert-mentions-legales\/","url":"https:\/\/www.nathalie-foubert.fr\/index.php\/nathalie-foubert-mentions-legales\/","name":"Mentions l\u00e9gales - Nathalie Foubert","isPartOf":{"@id":"https:\/\/www.nathalie-foubert.fr\/#website"},"datePublished":"2023-12-13T20:20:40+00:00","dateModified":"2024-01-29T12:57:31+00:00","breadcrumb":{"@id":"https:\/\/www.nathalie-foubert.fr\/index.php\/nathalie-foubert-mentions-legales\/#breadcrumb"},"inLanguage":"fr-FR","potentialAction":[{"@type":"ReadAction","target":["https:\/\/www.nathalie-foubert.fr\/index.php\/nathalie-foubert-mentions-legales\/"]}]},{"@type":"BreadcrumbList","@id":"https:\/\/www.nathalie-foubert.fr\/index.php\/nathalie-foubert-mentions-legales\/#breadcrumb","itemListElement":[{"@type":"ListItem","position":1,"name":"Accueil","item":"https:\/\/www.nathalie-foubert.fr\/"},{"@type":"ListItem","position":2,"name":"Mentions l\u00e9gales"}]},{"@type":"WebSite","@id":"https:\/\/www.nathalie-foubert.fr\/#website","url":"https:\/\/www.nathalie-foubert.fr\/","name":"Nathalie Foubert","description":"Th\u00e9rapeute spirituelle - \u00c9nerg\u00e9ticienne holistic","publisher":{"@id":"https:\/\/www.nathalie-foubert.fr\/#organization"},"potentialAction":[{"@type":"SearchAction","target":{"@type":"EntryPoint","urlTemplate":"https:\/\/www.nathalie-foubert.fr\/?s={search_term_string}"},"query-input":{"@type":"PropertyValueSpecification","valueRequired":true,"valueName":"search_term_string"}}],"inLanguage":"fr-FR"},{"@type":["Organization","Place"],"@id":"https:\/\/www.nathalie-foubert.fr\/#organization","name":"Nathalie Foubert","url":"https:\/\/www.nathalie-foubert.fr\/","logo":{"@id":"https:\/\/www.nathalie-foubert.fr\/index.php\/nathalie-foubert-mentions-legales\/#local-main-organization-logo"},"image":{"@id":"https:\/\/www.nathalie-foubert.fr\/index.php\/nathalie-foubert-mentions-legales\/#local-main-organization-logo"},"sameAs":["https:\/\/www.facebook.com\/profile.php?id=100008835276603&locale=fr_FR","https:\/\/www.youtube.com\/@nathaliefoubert6348","https:\/\/www.instagram.com\/natfoubert\/","https:\/\/www.tiktok.com\/@nathaliefoubert30?_t=8jRNDYkeRIv&_r=1"],"address":{"@id":"https:\/\/www.nathalie-foubert.fr\/index.php\/nathalie-foubert-mentions-legales\/#local-main-place-address"},"telephone":["07 83 91 05 49"],"openingHoursSpecification":[{"@type":"OpeningHoursSpecification","dayOfWeek":["Monday","Tuesday","Wednesday","Thursday","Friday","Saturday"],"opens":"09:30","closes":"20:00"},{"@type":"OpeningHoursSpecification","dayOfWeek":["Sunday"],"opens":"00:00","closes":"00:00"}],"email":"natfoubert@gmail.com"},{"@type":"PostalAddress","@id":"https:\/\/www.nathalie-foubert.fr\/index.php\/nathalie-foubert-mentions-legales\/#local-main-place-address","streetAddress":"10 rue ernest renan","addressLocality":"B\u00e9ziers","postalCode":"34500","addressCountry":"FR"},{"@type":"ImageObject","inLanguage":"fr-FR","@id":"https:\/\/www.nathalie-foubert.fr\/index.php\/nathalie-foubert-mentions-legales\/#local-main-organization-logo","url":"https:\/\/www.nathalie-foubert.fr\/wp-content\/uploads\/2024\/01\/Nathalie-foubert-Therapeute-spirituelle.jpg","contentUrl":"https:\/\/www.nathalie-foubert.fr\/wp-content\/uploads\/2024\/01\/Nathalie-foubert-Therapeute-spirituelle.jpg","width":1468,"height":2560,"caption":"Nathalie Foubert"}]},"geo.placename":"B\u00e9ziers","geo.region":"France"},"_links":{"self":[{"href":"https:\/\/www.nathalie-foubert.fr\/index.php\/wp-json\/wp\/v2\/pages\/2","targetHints":{"allow":["GET"]}}],"collection":[{"href":"https:\/\/www.nathalie-foubert.fr\/index.php\/wp-json\/wp\/v2\/pages"}],"about":[{"href":"https:\/\/www.nathalie-foubert.fr\/index.php\/wp-json\/wp\/v2\/types\/page"}],"author":[{"embeddable":true,"href":"https:\/\/www.nathalie-foubert.fr\/index.php\/wp-json\/wp\/v2\/users\/1"}],"replies":[{"embeddable":true,"href":"https:\/\/www.nathalie-foubert.fr\/index.php\/wp-json\/wp\/v2\/comments?post=2"}],"version-history":[{"count":6,"href":"https:\/\/www.nathalie-foubert.fr\/index.php\/wp-json\/wp\/v2\/pages\/2\/revisions"}],"predecessor-version":[{"id":115,"href":"https:\/\/www.nathalie-foubert.fr\/index.php\/wp-json\/wp\/v2\/pages\/2\/revisions\/115"}],"wp:attachment":[{"href":"https:\/\/www.nathalie-foubert.fr\/index.php\/wp-json\/wp\/v2\/media?parent=2"}],"curies":[{"name":"wp","href":"https:\/\/api.w.org\/{rel}","templated":true}]}}